{"id":136368,"date":"2024-10-09T08:00:48","date_gmt":"2024-10-09T12:00:48","guid":{"rendered":"https:\/\/romeoandjuliet.events\/shop\/senza-categoria\/momento-di-verita-collezione-di-romeo-e-giulietta-2"},"modified":"2024-10-12T08:04:15","modified_gmt":"2024-10-12T12:04:15","slug":"momento-di-verita-collezione-di-romeo-e-giulietta-2","status":"publish","type":"product","link":"https:\/\/www.romeoandjuliet.events\/it\/negozio\/arte-da-collezione\/stampe-su-carta\/momento-di-verita-collezione-di-romeo-e-giulietta-2","title":{"rendered":"&#8220;Momento di Verit\u00e0 &#8211; Collezione di Romeo e Giulietta&#8221;<br>"},"content":{"rendered":"<p>In Essere Strappati, Alex Righetto cattura vividamente la profonda tensione che avvolge Giulietta mentre naviga nella complessa rete delle sue relazioni e responsabilit\u00e0. Ogni filo in questa potente acquerello su carta rappresenta un legame o una forza che la tira in direzioni diverse, creando un palpabile senso di conflitto e disordine. La rappresentazione di Giulietta da parte di Righetto suggerisce che \u00e8 sull&#8217;orlo della disintegrazione, poich\u00e9 le pressioni di queste influenze contrastanti minacciano di svelare la sua stessa essenza. L&#8217;opera \u00e8 una riflessione toccante della lotta familiare che molti affrontano, dove il peso di molteplici aspettative pu\u00f2 sembrare schiacciante. L&#8217;uso espressivo del colore e della forma da parte di Righetto illustra il turbamento emotivo di Giulietta, enfatizzando la sfida di bilanciare amore, dovere e identit\u00e0 personale. Essere Strappati risuona con chiunque abbia sentito la pressione di destreggiarsi tra varie responsabilit\u00e0, catturando l&#8217;essenza di una battaglia contro la frammentazione e la ricerca di armonia personale nel mezzo del caos.  <\/p>\n","protected":false},"excerpt":{"rendered":"<p>Stampa artistica della famosa collezione di Romeo e Giulietta, Edizione Limitata di Verona.<\/p>\n","protected":false},"featured_media":135540,"comment_status":"open","ping_status":"closed","template":"","meta":{"_acf_changed":false,"inline_featured_image":false},"product_brand":[],"product_cat":[133,135],"product_tag":[176],"class_list":{"0":"post-136368","1":"product","2":"type-product","3":"status-publish","4":"has-post-thumbnail","6":"product_cat-arte-da-collezione","7":"product_cat-stampe-su-carta","8":"product_tag-collezione-classica-2021","10":"first","11":"instock","12":"sale","13":"sold-individually","14":"taxable","15":"shipping-taxable","16":"purchasable","17":"product-type-variable","18":"has-default-attributes"},"acf":[],"jetpack_sharing_enabled":true,"_links":{"self":[{"href":"https:\/\/www.romeoandjuliet.events\/it\/wp-json\/wp\/v2\/product\/136368","targetHints":{"allow":["GET"]}}],"collection":[{"href":"https:\/\/www.romeoandjuliet.events\/it\/wp-json\/wp\/v2\/product"}],"about":[{"href":"https:\/\/www.romeoandjuliet.events\/it\/wp-json\/wp\/v2\/types\/product"}],"replies":[{"embeddable":true,"href":"https:\/\/www.romeoandjuliet.events\/it\/wp-json\/wp\/v2\/comments?post=136368"}],"wp:featuredmedia":[{"embeddable":true,"href":"https:\/\/www.romeoandjuliet.events\/it\/wp-json\/wp\/v2\/media\/135540"}],"wp:attachment":[{"href":"https:\/\/www.romeoandjuliet.events\/it\/wp-json\/wp\/v2\/media?parent=136368"}],"wp:term":[{"taxonomy":"product_brand","embeddable":true,"href":"https:\/\/www.romeoandjuliet.events\/it\/wp-json\/wp\/v2\/product_brand?post=136368"},{"taxonomy":"product_cat","embeddable":true,"href":"https:\/\/www.romeoandjuliet.events\/it\/wp-json\/wp\/v2\/product_cat?post=136368"},{"taxonomy":"product_tag","embeddable":true,"href":"https:\/\/www.romeoandjuliet.events\/it\/wp-json\/wp\/v2\/product_tag?post=136368"}],"curies":[{"name":"wp","href":"https:\/\/api.w.org\/{rel}","templated":true}]}}