{"id":136324,"date":"2024-10-09T09:56:45","date_gmt":"2024-10-09T13:56:45","guid":{"rendered":"https:\/\/romeoandjuliet.events\/shop\/senza-categoria\/luce-e-ombre-collezione-di-romeo-e-giulietta"},"modified":"2024-10-12T08:04:04","modified_gmt":"2024-10-12T12:04:04","slug":"luce-e-ombre-collezione-di-romeo-e-giulietta","status":"publish","type":"product","link":"https:\/\/www.romeoandjuliet.events\/it\/negozio\/arte-da-collezione\/stampe-su-carta\/luce-e-ombre-collezione-di-romeo-e-giulietta","title":{"rendered":"&#8220;Luce e Ombre &#8211; Collezione di Romeo e Giulietta&#8221;"},"content":{"rendered":"<p>Nella serie &#8220;Luce e Ombre,&#8221; Alex Righetto presenta una narrativa visiva sorprendente in cui l&#8217;amore irradia un potere simbolico, incarnato dalla rosa al centro della composizione. Quest&#8217;opera ad acquerello su carta ritrae Giulietta mentre tiene la rosa luminosa vicino a s\u00e9, una forza radiante che sembra respingere l&#8217;oscurit\u00e0 circostante. La rosa, che brilla come l&#8217;elemento pi\u00f9 luminoso dell&#8217;opera, diventa simbolo dell&#8217;energia trasformativa e purificatrice dell&#8217;amore. <\/p>\n","protected":false},"excerpt":{"rendered":"<p>Stampa artistica della famosa collezione di Romeo e Giulietta, Edizione Limitata di Verona.<\/p>\n","protected":false},"featured_media":135546,"comment_status":"open","ping_status":"closed","template":"","meta":{"_acf_changed":false,"inline_featured_image":false},"product_brand":[],"product_cat":[133,135],"product_tag":[176],"class_list":{"0":"post-136324","1":"product","2":"type-product","3":"status-publish","4":"has-post-thumbnail","6":"product_cat-arte-da-collezione","7":"product_cat-stampe-su-carta","8":"product_tag-collezione-classica-2021","10":"first","11":"instock","12":"sale","13":"sold-individually","14":"taxable","15":"shipping-taxable","16":"purchasable","17":"product-type-variable","18":"has-default-attributes"},"acf":[],"jetpack_sharing_enabled":true,"_links":{"self":[{"href":"https:\/\/www.romeoandjuliet.events\/it\/wp-json\/wp\/v2\/product\/136324","targetHints":{"allow":["GET"]}}],"collection":[{"href":"https:\/\/www.romeoandjuliet.events\/it\/wp-json\/wp\/v2\/product"}],"about":[{"href":"https:\/\/www.romeoandjuliet.events\/it\/wp-json\/wp\/v2\/types\/product"}],"replies":[{"embeddable":true,"href":"https:\/\/www.romeoandjuliet.events\/it\/wp-json\/wp\/v2\/comments?post=136324"}],"wp:featuredmedia":[{"embeddable":true,"href":"https:\/\/www.romeoandjuliet.events\/it\/wp-json\/wp\/v2\/media\/135546"}],"wp:attachment":[{"href":"https:\/\/www.romeoandjuliet.events\/it\/wp-json\/wp\/v2\/media?parent=136324"}],"wp:term":[{"taxonomy":"product_brand","embeddable":true,"href":"https:\/\/www.romeoandjuliet.events\/it\/wp-json\/wp\/v2\/product_brand?post=136324"},{"taxonomy":"product_cat","embeddable":true,"href":"https:\/\/www.romeoandjuliet.events\/it\/wp-json\/wp\/v2\/product_cat?post=136324"},{"taxonomy":"product_tag","embeddable":true,"href":"https:\/\/www.romeoandjuliet.events\/it\/wp-json\/wp\/v2\/product_tag?post=136324"}],"curies":[{"name":"wp","href":"https:\/\/api.w.org\/{rel}","templated":true}]}}