{"id":136234,"date":"2024-03-06T20:48:27","date_gmt":"2024-03-07T01:48:27","guid":{"rendered":"https:\/\/romeoandjuliet.events\/shop\/senza-categoria\/il-balcone-collezione-di-romeo-e-giulietta"},"modified":"2024-10-12T08:04:17","modified_gmt":"2024-10-12T12:04:17","slug":"il-balcone-collezione-di-romeo-e-giulietta","status":"publish","type":"product","link":"https:\/\/www.romeoandjuliet.events\/it\/negozio\/arte-da-collezione\/stampe-su-carta\/il-balcone-collezione-di-romeo-e-giulietta","title":{"rendered":"Il Balcone &#8211; Collezione di Romeo e Giulietta"},"content":{"rendered":"<p>La scena del balcone di Romeo e Giulietta \u00e8 uno dei momenti pi\u00f9 famosi e iconici della letteratura. Rappresenta il potere dell&#8217;amore che trascende et\u00e0, razza e status sociale. In questa scena, Romeo, che ha appena incontrato Giulietta a una festa, si innamora immediatamente di lei e decide di arrampicarsi sul suo balcone per rubarle un bacio. La scena del balcone \u00e8 allo stesso tempo audace e poetica, ed \u00e8 diventata un simbolo della passione intensa tra i due giovani amanti.   <\/p>\n<p>Questo dipinto \u00e8 il pezzo forte e raffigura l&#8217;iconica scena del balcone tra Romeo e Giulietta. Questo \u00e8 il pezzo pi\u00f9 significativo della collezione, poich\u00e9 illumina la dinamica fondamentale su cui si basa la loro relazione.<\/p>\n","protected":false},"excerpt":{"rendered":"<p>Stampa artistica della famosa scena del balcone dalla collezione di Romeo e Giulietta, Edizione Limitata di Verona.<\/p>\n","protected":false},"featured_media":135284,"comment_status":"open","ping_status":"closed","template":"","meta":{"_acf_changed":false,"inline_featured_image":false},"product_brand":[],"product_cat":[133,135],"product_tag":[176],"class_list":{"0":"post-136234","1":"product","2":"type-product","3":"status-publish","4":"has-post-thumbnail","6":"product_cat-arte-da-collezione","7":"product_cat-stampe-su-carta","8":"product_tag-collezione-classica-2021","10":"first","11":"instock","12":"sale","13":"sold-individually","14":"taxable","15":"shipping-taxable","16":"purchasable","17":"product-type-variable","18":"has-default-attributes"},"acf":[],"jetpack_sharing_enabled":true,"_links":{"self":[{"href":"https:\/\/www.romeoandjuliet.events\/it\/wp-json\/wp\/v2\/product\/136234","targetHints":{"allow":["GET"]}}],"collection":[{"href":"https:\/\/www.romeoandjuliet.events\/it\/wp-json\/wp\/v2\/product"}],"about":[{"href":"https:\/\/www.romeoandjuliet.events\/it\/wp-json\/wp\/v2\/types\/product"}],"replies":[{"embeddable":true,"href":"https:\/\/www.romeoandjuliet.events\/it\/wp-json\/wp\/v2\/comments?post=136234"}],"wp:featuredmedia":[{"embeddable":true,"href":"https:\/\/www.romeoandjuliet.events\/it\/wp-json\/wp\/v2\/media\/135284"}],"wp:attachment":[{"href":"https:\/\/www.romeoandjuliet.events\/it\/wp-json\/wp\/v2\/media?parent=136234"}],"wp:term":[{"taxonomy":"product_brand","embeddable":true,"href":"https:\/\/www.romeoandjuliet.events\/it\/wp-json\/wp\/v2\/product_brand?post=136234"},{"taxonomy":"product_cat","embeddable":true,"href":"https:\/\/www.romeoandjuliet.events\/it\/wp-json\/wp\/v2\/product_cat?post=136234"},{"taxonomy":"product_tag","embeddable":true,"href":"https:\/\/www.romeoandjuliet.events\/it\/wp-json\/wp\/v2\/product_tag?post=136234"}],"curies":[{"name":"wp","href":"https:\/\/api.w.org\/{rel}","templated":true}]}}