{"id":136204,"date":"2024-03-21T12:38:33","date_gmt":"2024-03-21T16:38:33","guid":{"rendered":"https:\/\/romeoandjuliet.events\/shop\/senza-categoria\/carta-da-parati-gratuita-momento-di-verita"},"modified":"2024-10-09T07:42:30","modified_gmt":"2024-10-09T11:42:30","slug":"carta-da-parati-gratuita-momento-di-verita","status":"publish","type":"product","link":"https:\/\/www.romeoandjuliet.events\/it\/negozio\/gadget\/salvaschermo\/carta-da-parati-gratuita-momento-di-verita","title":{"rendered":"Salvaschermo gratuito per computer: &#8220;Momento di Verit\u00e0&#8221;"},"content":{"rendered":"<p>Intraprendi un viaggio di auto-scoperta e potere con &#8220;Momento di Verit\u00e0&#8221;, un&#8217;opera mozzafiato dell&#8217;artista Alex Righetto. Catturando un momento cruciale nella vita di Giulietta, quest&#8217;opera \u00e8 un profondo promemoria del potere trasformativo della scelta e del coraggio necessario per abbracciare il cambiamento. Al centro di &#8220;Momento di Verit\u00e0&#8221; risiede una realizzazione profonda: il riconoscimento che la vera crescita richiede di liberarsi dai strati dell&#8217;ego e dalle aspettative familiari. Giulietta si trova a un bivio, il suo sguardo \u00e8 colmo di determinazione mentre si prepara a intraprendere un percorso di trasformazione personale. In questo istante congelato, si risolve a liberarsi dalle limitazioni del suo passato, abbandonando i ruoli di vittima e egoismo per emergere pi\u00f9 forte e resiliente che mai. Oltre i confini della narrazione tradizionale, &#8220;Momento di Verit\u00e0&#8221; offre una prospettiva nuova sul viaggio di Giulietta, evidenziando il potere intrinseco di ciascun individuo di plasmare il proprio destino. Mentre affronta le tenebre e le paure interiori, Giulietta esemplifica il coraggio e la resilienza necessari per forgiare un cammino di autenticit\u00e0 e auto-scoperta. Quest&#8217;opera \u00e8 un faro d&#8217;ispirazione, ricordando agli spettatori la propria capacit\u00e0 di crescita e cambiamento. Con lo sguardo inamovibile di Giulietta che incontra il nostro, &#8220;Momento di Verit\u00e0&#8221; ci invita a confrontarci con le nostre paure e incertezze, esortandoci ad abbracciare le possibilit\u00e0 illimitate che ci attendono. Scarica il salvaschermo gratuito per computer gratuito e lascia che &#8220;Momento di Verit\u00e0&#8221; ti ricordi quotidianamente il potenziale trasformativo che risiede in ciascuno di noi. Unisciti a Giulietta nel suo viaggio di auto-empowerment e intraprendi il tuo cammino verso la crescita personale e la realizzazione. <\/p>\n","protected":false},"excerpt":{"rendered":"<p>Sperimenta il potere trasformativo di &#8220;Momento di Verit\u00e0&#8221; con il alvaschermo gratuito per computer! Unisciti a Giulietta in un cruciale bivio del suo percorso, mentre abbraccia il cambiamento e prende in mano il suo destino in questo affascinante dipinto di Alex Righetto. <\/p>\n","protected":false},"featured_media":134939,"comment_status":"open","ping_status":"closed","template":"","meta":{"_acf_changed":false,"inline_featured_image":false},"product_brand":[],"product_cat":[140],"product_tag":[],"class_list":{"0":"post-136204","1":"product","2":"type-product","3":"status-publish","4":"has-post-thumbnail","6":"product_cat-salvaschermo","8":"first","9":"instock","10":"downloadable","11":"virtual","12":"taxable","13":"purchasable","14":"product-type-simple"},"acf":[],"jetpack_sharing_enabled":true,"_links":{"self":[{"href":"https:\/\/www.romeoandjuliet.events\/it\/wp-json\/wp\/v2\/product\/136204","targetHints":{"allow":["GET"]}}],"collection":[{"href":"https:\/\/www.romeoandjuliet.events\/it\/wp-json\/wp\/v2\/product"}],"about":[{"href":"https:\/\/www.romeoandjuliet.events\/it\/wp-json\/wp\/v2\/types\/product"}],"replies":[{"embeddable":true,"href":"https:\/\/www.romeoandjuliet.events\/it\/wp-json\/wp\/v2\/comments?post=136204"}],"wp:featuredmedia":[{"embeddable":true,"href":"https:\/\/www.romeoandjuliet.events\/it\/wp-json\/wp\/v2\/media\/134939"}],"wp:attachment":[{"href":"https:\/\/www.romeoandjuliet.events\/it\/wp-json\/wp\/v2\/media?parent=136204"}],"wp:term":[{"taxonomy":"product_brand","embeddable":true,"href":"https:\/\/www.romeoandjuliet.events\/it\/wp-json\/wp\/v2\/product_brand?post=136204"},{"taxonomy":"product_cat","embeddable":true,"href":"https:\/\/www.romeoandjuliet.events\/it\/wp-json\/wp\/v2\/product_cat?post=136204"},{"taxonomy":"product_tag","embeddable":true,"href":"https:\/\/www.romeoandjuliet.events\/it\/wp-json\/wp\/v2\/product_tag?post=136204"}],"curies":[{"name":"wp","href":"https:\/\/api.w.org\/{rel}","templated":true}]}}