{"id":136962,"date":"2023-11-08T07:39:22","date_gmt":"2023-11-08T12:39:22","guid":{"rendered":"https:\/\/romeoandjuliet.events\/opportunita-di-collaborazione-per-le-istituzioni"},"modified":"2024-11-17T08:48:32","modified_gmt":"2024-11-17T13:48:32","slug":"opportunita-di-collaborazione-per-le-istituzioni","status":"publish","type":"page","link":"https:\/\/www.romeoandjuliet.events\/it\/opportunita-di-collaborazione-per-le-istituzioni","title":{"rendered":"Opportunit\u00e0 di Collaborazione per le Istituzioni"},"content":{"rendered":"<div class=\"wpb-content-wrapper\"><p>[vc_row row_height_percent=&#8221;0&#8243; override_padding=&#8221;yes&#8221; h_padding=&#8221;2&#8243; top_padding=&#8221;5&#8243; bottom_padding=&#8221;5&#8243; overlay_alpha=&#8221;50&#8243; gutter_size=&#8221;3&#8243; column_width_percent=&#8221;100&#8243; shift_y=&#8221;0&#8243; z_index=&#8221;0&#8243; uncode_shortcode_id=&#8221;144717&#8243;][vc_column column_width_percent=&#8221;75&#8243; gutter_size=&#8221;3&#8243; overlay_alpha=&#8221;50&#8243; shift_x=&#8221;0&#8243; shift_y=&#8221;0&#8243; shift_y_down=&#8221;0&#8243; z_index=&#8221;0&#8243; medium_width=&#8221;0&#8243; mobile_width=&#8221;0&#8243; width=&#8221;1\/1&#8243; uncode_shortcode_id=&#8221;666727&#8243;][vc_column_text uncode_shortcode_id=&#8221;104934&#8243;]<em>Benvenuti nel portale dedicato alla promozione di collaborazioni con la collezione d&#8217;arte &#8220;Romeo e Giulietta&#8221; di Alex Righetto.<\/em> <\/p>\n<p><em>Invitiamo istituzioni e collezionisti d&#8217;arte a esplorare le opportunit\u00e0 di partnership e di possesso di questa squisita serie di opere d&#8217;arte. <\/em>[\/vc_column_text][\/vc_column][\/vc_row][vc_row][vc_column width=&#8221;1\/1&#8243;][vc_single_image media=&#8221;134669&#8243; media_width_percent=&#8221;100&#8243; media_ratio=&#8221;twentyone-nine&#8221; alignment=&#8221;center&#8221; uncode_shortcode_id=&#8221;138615&#8243;][\/vc_column][\/vc_row][vc_row row_height_percent=&#8221;0&#8243; override_padding=&#8221;yes&#8221; h_padding=&#8221;2&#8243; top_padding=&#8221;5&#8243; bottom_padding=&#8221;5&#8243; overlay_alpha=&#8221;50&#8243; gutter_size=&#8221;3&#8243; column_width_percent=&#8221;100&#8243; shift_y=&#8221;0&#8243; z_index=&#8221;0&#8243; uncode_shortcode_id=&#8221;144717&#8243;][vc_column column_width_percent=&#8221;75&#8243; gutter_size=&#8221;3&#8243; overlay_alpha=&#8221;50&#8243; shift_x=&#8221;0&#8243; shift_y=&#8221;0&#8243; shift_y_down=&#8221;0&#8243; z_index=&#8221;0&#8243; medium_width=&#8221;0&#8243; mobile_width=&#8221;0&#8243; width=&#8221;1\/1&#8243; uncode_shortcode_id=&#8221;666727&#8243;][vc_custom_heading uncode_shortcode_id=&#8221;644157&#8243;]Per Musei e Istituzioni[\/vc_custom_heading][vc_column_text uncode_shortcode_id=&#8221;170094&#8243;]<\/p>\n<h3>Richieste di partnership e sponsorizzazione<\/h3>\n<p>&#8220;Romeo e Giulietta&#8221; \u00e8 pi\u00f9 di una collezione d&#8217;arte; \u00e8 un&#8217;esperienza culturale che trascende i confini delle esposizioni tradizionali.<\/p>\n<p>Stiamo cercando partnership con musei e istituzioni interessati a portare questa reinterpretazione della storia di Romeo e Giulietta a un pubblico globale.[\/vc_column_text][vc_empty_space empty_h=&#8221;3&#8243;][vc_custom_heading heading_semantic=&#8221;h4&#8243; text_size=&#8221;h4&#8243; uncode_shortcode_id=&#8221;663535&#8243;]Opportunit\u00e0 di collaborazione per le istituzioni:[\/vc_custom_heading][vc_column_text uncode_shortcode_id=&#8221;152243&#8243;]Ospitare questa collezione offre un&#8217;opportunit\u00e0 unica per immergere il vostro pubblico in una storia che ha catturato i cuori per secoli. Ecco come le istituzioni possono collaborare per ospitare la collezione:[\/vc_column_text][uncode_list icon=&#8221;fa fa-star&#8221; uncode_shortcode_id=&#8221;214348&#8243;]<\/p>\n<ul>\n<li><strong>Esperienza espositiva:<\/strong> Curate un&#8217;esposizione immersiva con le opere vivaci di Righetto che raccontano la storia di Romeo e Giulietta in una serie di capitoli emotivi.<\/li>\n<li><strong style=\"font-family: -apple-system, BlinkMacSystemFont, 'Segoe UI', Roboto, Oxygen-Sans, Ubuntu, Cantarell, 'Helvetica Neue', sans-serif;\">Programmazione educativa:<\/strong> <span style=\"font-family: -apple-system, BlinkMacSystemFont, 'Segoe UI', Roboto, Oxygen-Sans, Ubuntu, Cantarell, 'Helvetica Neue', sans-serif;\"> Sviluppate laboratori, conferenze e visite guidate che approfondiscono i temi, le tecniche e il contesto storico della collezione.<\/span><\/li>\n<li><strong style=\"font-family: -apple-system, BlinkMacSystemFont, 'Segoe UI', Roboto, Oxygen-Sans, Ubuntu, Cantarell, 'Helvetica Neue', sans-serif;\">Cross-Promotion:<\/strong><span style=\"font-family: -apple-system, BlinkMacSystemFont, 'Segoe UI', Roboto, Oxygen-Sans, Ubuntu, Cantarell, 'Helvetica Neue', sans-serif;\"> Collaborate on marketing efforts to reach broader audiences and generate a buzz that extends beyond traditional art circles.<\/span><\/li>\n<\/ul>\n<p>[\/uncode_list][vc_empty_space empty_h=&#8221;3&#8243;][vc_custom_heading heading_semantic=&#8221;h4&#8243; text_size=&#8221;h4&#8243; uncode_shortcode_id=&#8221;162075&#8243;]Vantaggi di portare &#8216;Romeo e Giulietta&#8217; nella vostra sede[\/vc_custom_heading][uncode_list icon=&#8221;fa fa-star&#8221; uncode_shortcode_id=&#8221;119529&#8243;]<\/p>\n<ul>\n<li><strong>Arricchimento culturale:<\/strong> Migliorate la vostra offerta culturale con una collezione che fonde la letteratura classica con l&#8217;arte contemporanea.<\/li>\n<li><strong>Coinvolgimento del pubblico:<\/strong> Attirate un pubblico diversificato, dagli appassionati d&#8217;arte agli amanti della letteratura e agli studenti, con un tema che risuona universalmente.<\/li>\n<li><strong>Impatto educativo:<\/strong> Fornite una piattaforma per l&#8217;apprendimento e la discussione attorno alle opere di Shakespeare, all&#8217;arte del Rinascimento italiano e all&#8217;espressione artistica moderna.<\/li>\n<\/ul>\n<p>[\/uncode_list][vc_empty_space empty_h=&#8221;3&#8243;][vc_custom_heading heading_semantic=&#8221;h4&#8243; text_size=&#8221;h4&#8243; uncode_shortcode_id=&#8221;162075&#8243;]Vantaggi di portare &#8216;Romeo e Giulietta&#8217; nella vostra sede[\/vc_custom_heading][uncode_list icon=&#8221;fa fa-star&#8221; uncode_shortcode_id=&#8221;116088&#8243;]<\/p>\n<ul>\n<li><strong>Attrattiva interdisciplinare:<\/strong> Utilizzate la collezione come trampolino di lancio per l&#8217;educazione interdisciplinare, collegando arte, letteratura e storia.<\/li>\n<li><strong>Ispirare la creativit\u00e0: <\/strong> Ispirate visitatori e studenti mostrando il potere dell&#8217;arte contemporanea di reinterpretare storie classiche in un contesto moderno.<\/li>\n<\/ul>\n<p>[\/uncode_list][\/vc_column][\/vc_row][vc_row row_height_percent=&#8221;0&#8243; override_padding=&#8221;yes&#8221; h_padding=&#8221;2&#8243; top_padding=&#8221;5&#8243; bottom_padding=&#8221;5&#8243; back_color=&#8221;color-lxmt&#8221; overlay_alpha=&#8221;100&#8243; gutter_size=&#8221;100&#8243; column_width_percent=&#8221;100&#8243; shift_y=&#8221;0&#8243; z_index=&#8221;0&#8243; row_width=&#8221;1000&#8243; block_height=&#8221;0&#8243; back_alpha=&#8221;100&#8243; border_size=&#8221;1&#8243; style=&#8221;inherited&#8221; uncode_shortcode_id=&#8221;972062&#8243; back_color_type=&#8221;uncode-palette&#8221;][vc_column column_width_percent=&#8221;75&#8243; gutter_size=&#8221;3&#8243; overlay_alpha=&#8221;100&#8243; shift_x=&#8221;0&#8243; shift_y=&#8221;0&#8243; shift_y_down=&#8221;0&#8243; z_index=&#8221;0&#8243; medium_width=&#8221;0&#8243; mobile_width=&#8221;0&#8243; zoom_width=&#8221;0&#8243; zoom_height=&#8221;0&#8243; width=&#8221;1\/1&#8243; max_width=&#8221;100&#8243; align_vertical=&#8221;top&#8221; back_alpha=&#8221;100&#8243; uncode_shortcode_id=&#8221;154690&#8243;][vc_custom_heading heading_semantic=&#8221;h3&#8243; text_size=&#8221;h3&#8243; text_align=&#8221;text-left&#8221; text_uppercase=&#8221;&#8221; subheading=&#8221;Per coloro che sono interessati alla bellezza senza tempo e alla profondit\u00e0 narrativa della collezione &quot;Romeo e Giulietta&quot;, si prega di inviare la propria richiesta qui.&#8221; uncode_shortcode_id=&#8221;829964&#8243;]Modulo di richiesta[\/vc_custom_heading][vc_separator sep_color=&#8221;,Default&#8221;]\n<div class=\"wpcf7 no-js\" id=\"wpcf7-f20-o1\" lang=\"en-US\" dir=\"ltr\" data-wpcf7-id=\"20\">\n<div class=\"screen-reader-response\"><p role=\"status\" aria-live=\"polite\" aria-atomic=\"true\"><\/p> <ul><\/ul><\/div>\n<form action=\"\/it\/wp-json\/wp\/v2\/pages\/136962#wpcf7-f20-o1\" method=\"post\" class=\"wpcf7-form init\" aria-label=\"Contact form\" novalidate=\"novalidate\" data-status=\"init\">\n<fieldset class=\"hidden-fields-container\"><input type=\"hidden\" name=\"_wpcf7\" value=\"20\" \/><input type=\"hidden\" name=\"_wpcf7_version\" value=\"6.1.5\" \/><input type=\"hidden\" name=\"_wpcf7_locale\" value=\"en_US\" \/><input type=\"hidden\" name=\"_wpcf7_unit_tag\" value=\"wpcf7-f20-o1\" \/><input type=\"hidden\" name=\"_wpcf7_container_post\" value=\"0\" \/><input type=\"hidden\" name=\"_wpcf7_posted_data_hash\" value=\"\" \/><input type=\"hidden\" name=\"_wpcf7dtx_version\" value=\"5.0.5\" \/><input type=\"hidden\" name=\"_wpcf7_recaptcha_response\" value=\"\" \/>\n<\/fieldset>\n<div class=\"wpcf7-inline-wrapper\">\n\t<p class=\"wpcf7-inline-field\"><span class=\"wpcf7-form-control-wrap\" data-name=\"your-firstname\"><input size=\"40\" maxlength=\"400\" class=\"wpcf7-form-control wpcf7-text wpcf7-validates-as-required\" aria-required=\"true\" aria-invalid=\"false\" placeholder=\"First Name\" value=\"\" type=\"text\" name=\"your-firstname\" \/><\/span>\n\t<\/p>\n\t<p class=\"wpcf7-inline-field\"><span class=\"wpcf7-form-control-wrap\" data-name=\"your-lastname\"><input size=\"40\" maxlength=\"400\" class=\"wpcf7-form-control wpcf7-text wpcf7-validates-as-required\" aria-required=\"true\" aria-invalid=\"false\" placeholder=\"Last Name\" value=\"\" type=\"text\" name=\"your-lastname\" \/><\/span>\n\t<\/p>\n<\/div>\n<div class=\"wpcf7-inline-wrapper\">\n\t<p class=\"wpcf7-inline-field\"><span class=\"wpcf7-form-control-wrap\" data-name=\"your-email\"><input size=\"40\" maxlength=\"400\" class=\"wpcf7-form-control wpcf7-email wpcf7-validates-as-required wpcf7-text wpcf7-validates-as-email\" aria-required=\"true\" aria-invalid=\"false\" placeholder=\"Email\" value=\"\" type=\"email\" name=\"your-email\" \/><\/span>\n\t<\/p>\n\t<p class=\"wpcf7-inline-field\"><span class=\"wpcf7-form-control-wrap\" data-name=\"your-website\"><input size=\"40\" maxlength=\"400\" class=\"wpcf7-form-control wpcf7-text\" aria-invalid=\"false\" placeholder=\"Website\" value=\"\" type=\"text\" name=\"your-website\" \/><\/span>\n\t<\/p>\n<\/div>\n<p><span class=\"wpcf7-form-control-wrap\" data-name=\"your-message\"><textarea cols=\"40\" rows=\"10\" maxlength=\"2000\" class=\"wpcf7-form-control wpcf7-textarea\" aria-invalid=\"false\" placeholder=\"Message\" name=\"your-message\"><\/textarea><\/span>\n<\/p>\n<p><span class=\"wpcf7-form-control-wrap\" data-name=\"accept-this-1\"><span class=\"wpcf7-form-control wpcf7-acceptance\"><span class=\"wpcf7-list-item\"><label><input type=\"checkbox\" name=\"accept-this-1\" value=\"1\" aria-invalid=\"false\" \/><span class=\"wpcf7-list-item-label\">Check here if you accept our terms (<a href=\"#\">Privacy Policy<\/a>)<\/span><\/label><\/span><\/span><\/span>\n<\/p>\n<p><input class=\"wpcf7-form-control wpcf7-submit has-spinner btn btn-accent btn-block\" type=\"submit\" value=\"Click the button\" \/>\n<\/p><p style=\"display: none !important;\" class=\"akismet-fields-container\" data-prefix=\"_wpcf7_ak_\"><label>&#916;<textarea name=\"_wpcf7_ak_hp_textarea\" cols=\"45\" rows=\"8\" maxlength=\"100\"><\/textarea><\/label><input type=\"hidden\" id=\"ak_js_1\" name=\"_wpcf7_ak_js\" value=\"116\"\/><script>document.getElementById( \"ak_js_1\" ).setAttribute( \"value\", ( new Date() ).getTime() );<\/script><\/p><input type='hidden' class='wpcf7-pum' value='{\"closepopup\":false,\"closedelay\":0,\"openpopup\":false,\"openpopup_id\":0}' \/><div class=\"wpcf7-response-output\" aria-hidden=\"true\"><\/div>\n<\/form>\n<\/div>\n[\/vc_column][\/vc_row]<\/p>\n<\/div>","protected":false},"excerpt":{"rendered":"<p>[vc_row row_height_percent=&#8221;0&#8243; override_padding=&#8221;yes&#8221; h_padding=&#8221;2&#8243; top_padding=&#8221;5&#8243; bottom_padding=&#8221;5&#8243; overlay_alpha=&#8221;50&#8243; gutter_size=&#8221;3&#8243; column_width_percent=&#8221;100&#8243; shift_y=&#8221;0&#8243; z_index=&#8221;0&#8243; uncode_shortcode_id=&#8221;144717&#8243;][vc_column column_width_percent=&#8221;75&#8243; gutter_size=&#8221;3&#8243; overlay_alpha=&#8221;50&#8243; shift_x=&#8221;0&#8243; shift_y=&#8221;0&#8243; shift_y_down=&#8221;0&#8243; z_index=&#8221;0&#8243; medium_width=&#8221;0&#8243; [&hellip;]<\/p>\n","protected":false},"author":1,"featured_media":134668,"parent":0,"menu_order":0,"comment_status":"closed","ping_status":"closed","template":"","meta":{"_acf_changed":false,"inline_featured_image":false,"footnotes":""},"class_list":["post-136962","page","type-page","status-publish","has-post-thumbnail","hentry","page_category-richieste"],"acf":[],"jetpack_sharing_enabled":true,"_links":{"self":[{"href":"https:\/\/www.romeoandjuliet.events\/it\/wp-json\/wp\/v2\/pages\/136962","targetHints":{"allow":["GET"]}}],"collection":[{"href":"https:\/\/www.romeoandjuliet.events\/it\/wp-json\/wp\/v2\/pages"}],"about":[{"href":"https:\/\/www.romeoandjuliet.events\/it\/wp-json\/wp\/v2\/types\/page"}],"author":[{"embeddable":true,"href":"https:\/\/www.romeoandjuliet.events\/it\/wp-json\/wp\/v2\/users\/1"}],"replies":[{"embeddable":true,"href":"https:\/\/www.romeoandjuliet.events\/it\/wp-json\/wp\/v2\/comments?post=136962"}],"version-history":[{"count":0,"href":"https:\/\/www.romeoandjuliet.events\/it\/wp-json\/wp\/v2\/pages\/136962\/revisions"}],"wp:featuredmedia":[{"embeddable":true,"href":"https:\/\/www.romeoandjuliet.events\/it\/wp-json\/wp\/v2\/media\/134668"}],"wp:attachment":[{"href":"https:\/\/www.romeoandjuliet.events\/it\/wp-json\/wp\/v2\/media?parent=136962"}],"curies":[{"name":"wp","href":"https:\/\/api.w.org\/{rel}","templated":true}]}}