{"id":136949,"date":"2024-05-16T17:07:12","date_gmt":"2024-05-16T21:07:12","guid":{"rendered":"https:\/\/romeoandjuliet.events\/informazioni-sui-livelli"},"modified":"2024-11-16T08:14:00","modified_gmt":"2024-11-16T13:14:00","slug":"informazioni-sui-livelli","status":"publish","type":"page","link":"https:\/\/www.romeoandjuliet.events\/it\/informazioni-sui-livelli","title":{"rendered":"Informazioni sui livelli"},"content":{"rendered":"<div class=\"wpb-content-wrapper\"><p>[vc_row row_height_percent=&#8221;63&#8243; back_image=&#8221;135270&#8243; kburns=&#8221;yes&#8221; overlay_alpha=&#8221;50&#8243; gutter_size=&#8221;3&#8243; column_width_percent=&#8221;100&#8243; shift_y=&#8221;0&#8243; z_index=&#8221;0&#8243; uncode_shortcode_id=&#8221;811608&#8243; row_height_pixel=&#8221;600&#8243;][vc_column column_width_percent=&#8221;75&#8243; position_horizontal=&#8221;left&#8221; position_vertical=&#8221;bottom&#8221; gutter_size=&#8221;3&#8243; override_padding=&#8221;yes&#8221; column_padding=&#8221;0&#8243; style=&#8221;dark&#8221; overlay_alpha=&#8221;50&#8243; shift_x=&#8221;0&#8243; shift_y=&#8221;0&#8243; shift_y_down=&#8221;0&#8243; z_index=&#8221;0&#8243; medium_width=&#8221;0&#8243; mobile_width=&#8221;0&#8243; width=&#8221;1\/1&#8243; uncode_shortcode_id=&#8221;133524&#8243;][vc_row_inner limit_content=&#8221;&#8221;][vc_column_inner column_width_percent=&#8221;100&#8243; gutter_size=&#8221;3&#8243; style=&#8221;dark&#8221; overlay_alpha=&#8221;50&#8243; shift_x=&#8221;0&#8243; shift_y=&#8221;0&#8243; shift_y_down=&#8221;0&#8243; z_index=&#8221;0&#8243; medium_width=&#8221;0&#8243; mobile_width=&#8221;0&#8243; width=&#8221;1\/1&#8243; uncode_shortcode_id=&#8221;358466&#8243;][vc_custom_heading uncode_shortcode_id=&#8221;117162&#8243;]Aggiungi un tocco di Storia e Bellezza alla tua Casa con il Balcone di Romeo e Giulietta.[\/vc_custom_heading][\/vc_column_inner][\/vc_row_inner][\/vc_column][\/vc_row][vc_row][vc_column width=&#8221;1\/1&#8243;][vc_custom_heading text_size=&#8221;fontsize-ultra-h2&#8243; uncode_shortcode_id=&#8221;169118&#8243;]Edizioni Limitate[\/vc_custom_heading][vc_column_text uncode_shortcode_id=&#8221;702543&#8243;]Sono disponibili diversi livelli. Ogni pezzo \u00e8 numerato, con i numeri pi\u00f9 bassi che hanno un valore maggiore.[\/vc_column_text][vc_single_image media=&#8221;134929&#8243; media_width_percent=&#8221;100&#8243; media_ratio=&#8221;sixteen-nine&#8221; uncode_shortcode_id=&#8221;184619&#8243;][vc_empty_space empty_h=&#8221;2&#8243;][vc_column_text uncode_shortcode_id=&#8221;964864&#8243;]<\/p>\n<h3>Livello 1 (Serie Deluxe Premium, Edizioni Limitate 1-10)<\/h3>\n<p>Questa \u00e8 la serie pi\u00f9 esclusiva e rara, che comprende i numeri da 1 a 10 della collezione.<\/p>\n<p>Il set include una stampa acquerellata lucida e testurizzata, pronta per essere esposta, firmata e sigillata con ceralacca, accompagnata da un certificato, inserita in un passepartout spesso all&#8217;interno di una preziosa cornice dorata e nera, protetta da vetro museale anti-riflesso, il tutto imballato in modo sicuro in una cassa di legno e accompagnato da un catalogo (Valore $500).[\/vc_column_text][vc_empty_space empty_h=&#8221;2&#8243;][vc_separator sep_color=&#8221;color-gyho&#8221; uncode_shortcode_id=&#8221;815387&#8243; sep_color_type=&#8221;uncode-palette&#8221;][vc_empty_space empty_h=&#8221;2&#8243;][vc_column_text uncode_shortcode_id=&#8221;205098&#8243;]<\/p>\n<h3>Livello 2 (Serie Premium, Edizioni Limitate 11-25)<\/h3>\n<p>Questa edizione premium presenta i numeri 11-25 della collezione.<\/p>\n<p>Include un&#8217;impressione acquosa lucida e testurizzata, incorniciata e pronta per essere esposta. Ogni pezzo \u00e8 firmato e sigillato con cera, include un certificato, \u00e8 montato con un passe-partout spesso, racchiuso in una elegante cornice in foglia d&#8217;oro, coperto con vetro di qualit\u00e0 museale e confezionato in modo sicuro in una cassa di legno.[\/vc_column_text][vc_empty_space empty_h=&#8221;2&#8243;][vc_separator sep_color=&#8221;color-gyho&#8221; uncode_shortcode_id=&#8221;815387&#8243; sep_color_type=&#8221;uncode-palette&#8221;][vc_empty_space empty_h=&#8221;2&#8243;][vc_column_text uncode_shortcode_id=&#8221;510327&#8243;]<\/p>\n<h3>Tier 3 (Serie Premium, Edizioni Limitate 26-50)<\/h3>\n<p>Questa edizione premium mette in evidenza i numeri 26-50 della collezione.<\/p>\n<p>Include una stampa acrilica lucida e testurizzata pronta per essere esposta. Ogni pezzo \u00e8 firmato e provvisto di un sigillo di cera, un certificato, un passepartout ed \u00e8 inserito in una elegante cornice in foglia d&#8217;oro con vetro di qualit\u00e0 museale, il tutto accuratamente imballato in una cassa di legno.[\/vc_column_text][vc_empty_space empty_h=&#8221;2&#8243;][vc_separator sep_color=&#8221;color-gyho&#8221; uncode_shortcode_id=&#8221;815387&#8243; sep_color_type=&#8221;uncode-palette&#8221;][vc_empty_space empty_h=&#8221;2&#8243;][vc_column_text uncode_shortcode_id=&#8221;947383&#8243;]<\/p>\n<h3>Tier 4 (Serie Standard, Edizioni Limitate 51-100)<\/h3>\n<p>Una stampa acquerellata lucida e testurizzata, incorniciata e pronta da appendere, firmata, sigillata con cera, completa di un certificato, passepartout, cornice elegante e vetro, il tutto confezionato in una cassa di legno.<\/p>\n<p>&nbsp;[\/vc_column_text][vc_empty_space empty_h=&#8221;2&#8243;][vc_row_inner row_inner_height_percent=&#8221;0&#8243; back_color=&#8221;color-953916&#8243; overlay_alpha=&#8221;50&#8243; gutter_size=&#8221;3&#8243; shift_y=&#8221;0&#8243; z_index=&#8221;0&#8243; limit_content=&#8221;&#8221; uncode_shortcode_id=&#8221;130120&#8243; back_color_type=&#8221;uncode-palette&#8221; row_height_pixel=&#8221;200&#8243;][vc_column_inner column_width_percent=&#8221;100&#8243; position_vertical=&#8221;middle&#8221; gutter_size=&#8221;3&#8243; override_padding=&#8221;yes&#8221; column_padding=&#8221;3&#8243; overlay_alpha=&#8221;50&#8243; shift_x=&#8221;0&#8243; shift_y=&#8221;0&#8243; shift_y_down=&#8221;0&#8243; z_index=&#8221;0&#8243; medium_width=&#8221;0&#8243; mobile_width=&#8221;0&#8243; width=&#8221;1\/1&#8243; uncode_shortcode_id=&#8221;171122&#8243;][vc_column_text uncode_shortcode_id=&#8221;972635&#8243;]<\/p>\n<h3>Tier 5 (Serie Standard, Edizioni Limitate 101-250)<\/h3>\n<p>Una stampa realizzata su carta opaca per acquerello lucido. Firmata e sigillata con cera speciale. Include un certificato.[\/vc_column_text][\/vc_column_inner][\/vc_row_inner][\/vc_column][\/vc_row]<\/p>\n<\/div>","protected":false},"excerpt":{"rendered":"<p>[vc_row row_height_percent=&#8221;63&#8243; back_image=&#8221;135270&#8243; kburns=&#8221;yes&#8221; overlay_alpha=&#8221;50&#8243; gutter_size=&#8221;3&#8243; column_width_percent=&#8221;100&#8243; shift_y=&#8221;0&#8243; z_index=&#8221;0&#8243; uncode_shortcode_id=&#8221;811608&#8243; row_height_pixel=&#8221;600&#8243;][vc_column column_width_percent=&#8221;75&#8243; position_horizontal=&#8221;left&#8221; position_vertical=&#8221;bottom&#8221; gutter_size=&#8221;3&#8243; override_padding=&#8221;yes&#8221; column_padding=&#8221;0&#8243; style=&#8221;dark&#8221; overlay_alpha=&#8221;50&#8243; shift_x=&#8221;0&#8243; [&hellip;]<\/p>\n","protected":false},"author":1,"featured_media":0,"parent":0,"menu_order":0,"comment_status":"closed","ping_status":"closed","template":"","meta":{"_acf_changed":false,"inline_featured_image":false,"footnotes":""},"class_list":["post-136949","page","type-page","status-publish","hentry","page_category-acquistare-stampe"],"acf":[],"jetpack_sharing_enabled":true,"_links":{"self":[{"href":"https:\/\/www.romeoandjuliet.events\/it\/wp-json\/wp\/v2\/pages\/136949","targetHints":{"allow":["GET"]}}],"collection":[{"href":"https:\/\/www.romeoandjuliet.events\/it\/wp-json\/wp\/v2\/pages"}],"about":[{"href":"https:\/\/www.romeoandjuliet.events\/it\/wp-json\/wp\/v2\/types\/page"}],"author":[{"embeddable":true,"href":"https:\/\/www.romeoandjuliet.events\/it\/wp-json\/wp\/v2\/users\/1"}],"replies":[{"embeddable":true,"href":"https:\/\/www.romeoandjuliet.events\/it\/wp-json\/wp\/v2\/comments?post=136949"}],"version-history":[{"count":0,"href":"https:\/\/www.romeoandjuliet.events\/it\/wp-json\/wp\/v2\/pages\/136949\/revisions"}],"wp:attachment":[{"href":"https:\/\/www.romeoandjuliet.events\/it\/wp-json\/wp\/v2\/media?parent=136949"}],"curies":[{"name":"wp","href":"https:\/\/api.w.org\/{rel}","templated":true}]}}