{"id":135484,"date":"2023-11-05T13:00:47","date_gmt":"2023-11-05T18:00:47","guid":{"rendered":"https:\/\/romeoandjuliet.events\/informazioni-sulla-collezione\/verona-nel-mondo"},"modified":"2024-08-12T06:00:02","modified_gmt":"2024-08-12T10:00:02","slug":"verona-nel-mondo","status":"publish","type":"page","link":"https:\/\/www.romeoandjuliet.events\/it\/informazioni-sulla-collezione\/verona-nel-mondo","title":{"rendered":"Verona nel mondo"},"content":{"rendered":"<div class=\"wpb-content-wrapper\"><p>[vc_row unlock_row_content=&#8221;yes&#8221; row_height_percent=&#8221;0&#8243; override_padding=&#8221;yes&#8221; h_padding=&#8221;2&#8243; top_padding=&#8221;2&#8243; bottom_padding=&#8221;2&#8243; back_color=&#8221;color-lxmt&#8221; overlay_alpha=&#8221;50&#8243; gutter_size=&#8221;3&#8243; column_width_percent=&#8221;100&#8243; shift_y=&#8221;0&#8243; z_index=&#8221;0&#8243; sticky=&#8221;yes&#8221; uncode_shortcode_id=&#8221;123770&#8243; back_color_type=&#8221;uncode-palette&#8221;][vc_column column_width_percent=&#8221;100&#8243; position_horizontal=&#8221;left&#8221; position_vertical=&#8221;middle&#8221; gutter_size=&#8221;3&#8243; overlay_alpha=&#8221;50&#8243; shift_x=&#8221;0&#8243; shift_y=&#8221;0&#8243; shift_y_down=&#8221;0&#8243; z_index=&#8221;0&#8243; medium_width=&#8221;0&#8243; mobile_width=&#8221;0&#8243; width=&#8221;1\/4&#8243; uncode_shortcode_id=&#8221;853560&#8243;][uncode_info_box items=&#8221;Author|Small_avatar_size|inline_avatar|display_prefix,Reading_time&#8221;][\/vc_column][vc_column column_width_percent=&#8221;100&#8243; position_horizontal=&#8221;right&#8221; position_vertical=&#8221;middle&#8221; align_horizontal=&#8221;align_right&#8221; gutter_size=&#8221;3&#8243; overlay_alpha=&#8221;50&#8243; shift_x=&#8221;0&#8243; shift_y=&#8221;0&#8243; shift_y_down=&#8221;0&#8243; z_index=&#8221;0&#8243; align_medium=&#8221;align_left_tablet&#8221; medium_width=&#8221;0&#8243; align_mobile=&#8221;align_left_mobile&#8221; mobile_width=&#8221;0&#8243; width=&#8221;3\/4&#8243; uncode_shortcode_id=&#8221;137862&#8243;][vc_wp_custommenu nav_menu=&#8221;63&#8243; nav_menu_horizontal=&#8221;1&#8243;][\/vc_column][\/vc_row][vc_row][vc_column width=&#8221;1\/1&#8243;][vc_column_text uncode_shortcode_id=&#8221;206488&#8243;]La citt\u00e0 di Verona, in Italia, \u00e8 il palcoscenico ideale per quest&#8217;opera universale, essendo sia il tema che il contesto della storia per Alex Righetto. Presentando la sua collezione a un pubblico americano, si \u00e8 accorto di come questi siano profondamente affascinati dalla narrazione, dai signori di Verona, dalla Scala e dal contesto in cui si svolge la trama. Tanto pi\u00f9 che i riferimenti simbolici sono ancora visibili, sia ereditati che ricreati per loro. Il suo lavoro fa rivivere l&#8217;immagine e l&#8217;immaginario di Verona nel mondo, dando, se possibile, ancora pi\u00f9 splendore alla citt\u00e0 per l&#8217;artista. Un&#8217;altra caratteristica che secondo lui suscita particolare interesse \u00e8 che l&#8217;opera originale da cui Shakespeare ha tratto ispirazione \u00e8 molto italiana.[\/vc_column_text][\/vc_column][\/vc_row][vc_row][vc_column width=&#8221;1\/1&#8243;][vc_single_image media=&#8221;410&#8243; caption=&#8221;yes&#8221; media_width_percent=&#8221;100&#8243; media_ratio=&#8221;ten-three&#8221; alignment=&#8221;center&#8221; uncode_shortcode_id=&#8221;153816&#8243;][\/vc_column][\/vc_row]<\/p>\n<\/div>","protected":false},"excerpt":{"rendered":"<p>Alex Righetto trova che la sua collezione a tema Verona affascini il pubblico americano, mettendo in evidenza le radici italiane dell&#8217;ispirazione di Shakespeare, arricchendo cos\u00ec l&#8217;immagine globale di Verona.<\/p>\n","protected":false},"author":1,"featured_media":410,"parent":135453,"menu_order":50,"comment_status":"closed","ping_status":"closed","template":"","meta":{"_acf_changed":false,"inline_featured_image":false,"footnotes":""},"class_list":["post-135484","page","type-page","status-publish","has-post-thumbnail","hentry","page_category-collezione-romeo-e-giulietta"],"acf":[],"jetpack_sharing_enabled":true,"_links":{"self":[{"href":"https:\/\/www.romeoandjuliet.events\/it\/wp-json\/wp\/v2\/pages\/135484","targetHints":{"allow":["GET"]}}],"collection":[{"href":"https:\/\/www.romeoandjuliet.events\/it\/wp-json\/wp\/v2\/pages"}],"about":[{"href":"https:\/\/www.romeoandjuliet.events\/it\/wp-json\/wp\/v2\/types\/page"}],"author":[{"embeddable":true,"href":"https:\/\/www.romeoandjuliet.events\/it\/wp-json\/wp\/v2\/users\/1"}],"replies":[{"embeddable":true,"href":"https:\/\/www.romeoandjuliet.events\/it\/wp-json\/wp\/v2\/comments?post=135484"}],"version-history":[{"count":0,"href":"https:\/\/www.romeoandjuliet.events\/it\/wp-json\/wp\/v2\/pages\/135484\/revisions"}],"up":[{"embeddable":true,"href":"https:\/\/www.romeoandjuliet.events\/it\/wp-json\/wp\/v2\/pages\/135453"}],"wp:featuredmedia":[{"embeddable":true,"href":"https:\/\/www.romeoandjuliet.events\/it\/wp-json\/wp\/v2\/media\/410"}],"wp:attachment":[{"href":"https:\/\/www.romeoandjuliet.events\/it\/wp-json\/wp\/v2\/media?parent=135484"}],"curies":[{"name":"wp","href":"https:\/\/api.w.org\/{rel}","templated":true}]}}