{"id":135472,"date":"2023-11-05T15:15:36","date_gmt":"2023-11-05T20:15:36","guid":{"rendered":"https:\/\/romeoandjuliet.events\/informazioni-sulla-collezione\/robert-downey-jr-nel-ruolo-di-frate-lawrence"},"modified":"2024-08-12T05:55:13","modified_gmt":"2024-08-12T09:55:13","slug":"robert-downey-jr-nel-ruolo-di-frate-lawrence","status":"publish","type":"page","link":"https:\/\/www.romeoandjuliet.events\/it\/informazioni-sulla-collezione\/robert-downey-jr-nel-ruolo-di-frate-lawrence","title":{"rendered":"Robert Downey JR nel ruolo di Frate Lawrence"},"content":{"rendered":"<div class=\"wpb-content-wrapper\"><p>[vc_row unlock_row_content=&#8221;yes&#8221; row_height_percent=&#8221;0&#8243; override_padding=&#8221;yes&#8221; h_padding=&#8221;2&#8243; top_padding=&#8221;2&#8243; bottom_padding=&#8221;2&#8243; back_color=&#8221;color-lxmt&#8221; overlay_alpha=&#8221;50&#8243; gutter_size=&#8221;3&#8243; column_width_percent=&#8221;100&#8243; shift_y=&#8221;0&#8243; z_index=&#8221;0&#8243; sticky=&#8221;yes&#8221; uncode_shortcode_id=&#8221;902919&#8243; back_color_type=&#8221;uncode-palette&#8221;][vc_column column_width_percent=&#8221;100&#8243; position_horizontal=&#8221;left&#8221; position_vertical=&#8221;middle&#8221; gutter_size=&#8221;3&#8243; overlay_alpha=&#8221;50&#8243; shift_x=&#8221;0&#8243; shift_y=&#8221;0&#8243; shift_y_down=&#8221;0&#8243; z_index=&#8221;0&#8243; medium_width=&#8221;0&#8243; mobile_width=&#8221;0&#8243; width=&#8221;1\/4&#8243; uncode_shortcode_id=&#8221;853560&#8243;][uncode_info_box items=&#8221;Author|Small_avatar_size|inline_avatar|display_prefix,Reading_time&#8221;][\/vc_column][vc_column column_width_percent=&#8221;100&#8243; position_horizontal=&#8221;right&#8221; position_vertical=&#8221;middle&#8221; align_horizontal=&#8221;align_right&#8221; gutter_size=&#8221;3&#8243; overlay_alpha=&#8221;50&#8243; shift_x=&#8221;0&#8243; shift_y=&#8221;0&#8243; shift_y_down=&#8221;0&#8243; z_index=&#8221;0&#8243; align_medium=&#8221;align_left_tablet&#8221; medium_width=&#8221;0&#8243; align_mobile=&#8221;align_left_mobile&#8221; mobile_width=&#8221;0&#8243; width=&#8221;3\/4&#8243; uncode_shortcode_id=&#8221;137862&#8243;][vc_wp_custommenu nav_menu=&#8221;63&#8243; nav_menu_horizontal=&#8221;1&#8243; use_widget_style=&#8221;yes&#8221; widget_style_no_separator=&#8221;yes&#8221; widget_style_no_arrows=&#8221;yes&#8221;][\/vc_column][\/vc_row][vc_row row_height_percent=&#8221;0&#8243; override_padding=&#8221;yes&#8221; h_padding=&#8221;2&#8243; top_padding=&#8221;5&#8243; bottom_padding=&#8221;3&#8243; overlay_alpha=&#8221;50&#8243; gutter_size=&#8221;3&#8243; column_width_percent=&#8221;100&#8243; shift_y=&#8221;0&#8243; z_index=&#8221;0&#8243; uncode_shortcode_id=&#8221;184033&#8243;][vc_column column_width_percent=&#8221;75&#8243; gutter_size=&#8221;3&#8243; overlay_alpha=&#8221;50&#8243; shift_x=&#8221;0&#8243; shift_y=&#8221;0&#8243; shift_y_down=&#8221;0&#8243; z_index=&#8221;0&#8243; medium_width=&#8221;0&#8243; mobile_width=&#8221;0&#8243; width=&#8221;1\/1&#8243; uncode_shortcode_id=&#8221;735345&#8243;][vc_column_text uncode_shortcode_id=&#8221;159594&#8243;]Dato che la collezione di Alex Righetto \u00e8 stata inizialmente creata per il pubblico americano, ha pensato di utilizzare un personaggio familiare per renderla pi\u00f9 comprensibile.<br \/>\nL&#8217;attore americano Robert Downey Jr. ha accettato di utilizzare le sue sembianze per l&#8217;opera d&#8217;arte, a condizione che i profitti dell&#8217;opera fossero devoluti in beneficenza.<br \/>\nRighetto trova intrigante tracciare un parallelo tra Frate Lorenzo, un personaggio della storia che non \u00e8 n\u00e9 completamente buono n\u00e9 completamente cattivo, e la figura dell&#8217;attore americano.<br \/>\nDowney Jr. dopo un passato burrascoso legato alla droga, \u00e8 riuscito a riscattarsi, diventando un simbolo di successo grazie al ruolo di Iron Man nella celebre serie Marvel.[\/vc_column_text][\/vc_column][\/vc_row][vc_row][vc_column width=&#8221;1\/1&#8243;][vc_single_image media=&#8221;431&#8243; caption=&#8221;yes&#8221; media_width_percent=&#8221;100&#8243; media_ratio=&#8221;two-one&#8221; alignment=&#8221;center&#8221; uncode_shortcode_id=&#8221;162163&#8243;][\/vc_column][\/vc_row][vc_row][vc_column column_width_percent=&#8221;75&#8243; gutter_size=&#8221;3&#8243; overlay_alpha=&#8221;50&#8243; shift_x=&#8221;0&#8243; shift_y=&#8221;0&#8243; shift_y_down=&#8221;0&#8243; z_index=&#8221;0&#8243; medium_width=&#8221;0&#8243; mobile_width=&#8221;0&#8243; width=&#8221;1\/1&#8243; uncode_shortcode_id=&#8221;156629&#8243;][vc_column_text uncode_shortcode_id=&#8221;121137&#8243;]<\/p>\n<blockquote><p><em>Pu\u00f2 essere visto anche come un tocco di ironia: l&#8217;idea di collegare un supereroe moderno a una storia vecchia di 500 anni era troppo allettante per resistere.<br \/>\nSpero che Shakespeare possa perdonarmi per questa scelta. <\/em><\/p>\n<p><strong>Alex Righetto<\/strong><\/p><\/blockquote>\n<p>[\/vc_column_text][\/vc_column][\/vc_row]<\/p>\n<\/div>","protected":false},"excerpt":{"rendered":"<p>Esplora il ritratto unico di Frate Lawrence, incarnato da Robert Downey Jr. il cui volto porta un tocco di contemporaneit\u00e0 a questa antica narrazione.<\/p>\n","protected":false},"author":1,"featured_media":428,"parent":135453,"menu_order":80,"comment_status":"closed","ping_status":"closed","template":"","meta":{"_acf_changed":false,"inline_featured_image":false,"footnotes":""},"class_list":["post-135472","page","type-page","status-publish","has-post-thumbnail","hentry","page_category-collezione-romeo-e-giulietta"],"acf":[],"jetpack_sharing_enabled":true,"_links":{"self":[{"href":"https:\/\/www.romeoandjuliet.events\/it\/wp-json\/wp\/v2\/pages\/135472","targetHints":{"allow":["GET"]}}],"collection":[{"href":"https:\/\/www.romeoandjuliet.events\/it\/wp-json\/wp\/v2\/pages"}],"about":[{"href":"https:\/\/www.romeoandjuliet.events\/it\/wp-json\/wp\/v2\/types\/page"}],"author":[{"embeddable":true,"href":"https:\/\/www.romeoandjuliet.events\/it\/wp-json\/wp\/v2\/users\/1"}],"replies":[{"embeddable":true,"href":"https:\/\/www.romeoandjuliet.events\/it\/wp-json\/wp\/v2\/comments?post=135472"}],"version-history":[{"count":0,"href":"https:\/\/www.romeoandjuliet.events\/it\/wp-json\/wp\/v2\/pages\/135472\/revisions"}],"up":[{"embeddable":true,"href":"https:\/\/www.romeoandjuliet.events\/it\/wp-json\/wp\/v2\/pages\/135453"}],"wp:featuredmedia":[{"embeddable":true,"href":"https:\/\/www.romeoandjuliet.events\/it\/wp-json\/wp\/v2\/media\/428"}],"wp:attachment":[{"href":"https:\/\/www.romeoandjuliet.events\/it\/wp-json\/wp\/v2\/media?parent=135472"}],"curies":[{"name":"wp","href":"https:\/\/api.w.org\/{rel}","templated":true}]}}